{"id":548,"date":"2016-04-30T09:29:52","date_gmt":"2016-04-30T07:29:52","guid":{"rendered":"https:\/\/borgoeolie.it\/en\/privacy-policy\/"},"modified":"2017-02-02T16:26:20","modified_gmt":"2017-02-02T15:26:20","slug":"privacy-policy","status":"publish","type":"page","link":"https:\/\/borgoeolie.it\/en\/privacy-policy\/","title":{"rendered":"Privacy Policy"},"content":{"rendered":"<div class=\"entry-content clearfix\">\n<p>Informativa al trattamento dei dati personali al sensi del d. lgs. 196\/2003 \u201cCodice in materia di protezione dei dati personali\u201d (per i clienti e fornitori)<\/p>\n<p>Informiamo, ai sensi dell&#8217;art.13 del D. Lgs. 196\/2003 che la\u00a0Subba S.a.s. di\u00a0Rita Barrica, proprietaria del sito borgoeolie.it, proceder\u00e0 al trattamento dei dati da Lei forniti nel rispetto della normativa in materia di tutela del trattamento dei dati personali.<\/p>\n<p>I dati personali da Lei forniti sono raccolti con modalit\u00e0 telematiche e trattati, anche con l&#8217;ausilio di mezzi elettronici, direttamente e\/o tramite terzi delegati per le seguenti finalit\u00e0:<\/p>\n<p>&#8211; Concludere, gestire ed eseguire quanto previsto nei contratti di fornitura dei servizi richiesti<br \/>\n&#8211; Organizzare, gestire ed eseguire la fornitura dei servizi anche mediante comunicazione dei dati a terzi nostri fornitori<br \/>\n&#8211; Assolvere agli obblighi di legge o agli altri adempimenti richiesti dalle competenti Autorit\u00e0<br \/>\n&#8211; Il regolare svolgimento delle pratiche fiscali, correlate alla sua attivit\u00e0<br \/>\n&#8211; Il regolare svolgimento del rapporto commerciale o di servizio<br \/>\n&#8211; La regolare gestione delle pratiche consulenziali a noi affidate<br \/>\n&#8211; L&#8217;estrazione di informazioni a carattere statistico<br \/>\n&#8211; L&#8217;invio di corrispondenza, anche mediante l&#8217;utilizzo della posta elettronica.<br \/>\n&#8211; La comunicazione agli enti giuridicamente preposti per il corretto svolgimento del mandato acquisito<\/p>\n<p>Il trattamento dei Suoi dati personali avverr\u00e0 a norma di legge, secondo principi di liceit\u00e0 e correttezza ed in modo da tutelare la Sua riservatezza.<\/p>\n<p>I dati verranno inoltre inseriti nelle scritture e nei registri obbligatori per legge ai fini sopra elencati, e verranno trasmessi agli enti preposti qualora si renda necessario ai fini di ottemperare ad obblighi legislativi.<\/p>\n<p>I dati da Lei fornitici e riferiti alla sua impresa, potranno da parte nostra essere comunicati a professionisti di cui la nostra impresa si avvale.<\/p>\n<p>In ogni momento potr\u00e0 esercitare i Suoi diritti nei confronti del titolare del trattamento ai sensi dell\u2019art. 7 del Decreto Legislativo n. 196 del 30 giugno 2003, che per Sua comodit\u00e0 riproduciamo:<\/p>\n<p>1. L&#8217;interessato ha diritto di ottenere la conferma dell&#8217;esistenza o meno di dati personali che lo riguardano, anche se non ancora registrati, e la loro comunicazione in forma intelligibile.<br \/>\n2. L&#8217;interessato ha diritto di ottenere l&#8217;indicazione:<br \/>\na) dell&#8217;origine dei dati personali;<br \/>\nb) delle finalit\u00e0 e modalit\u00e0 del trattamento;<br \/>\nc) della logica applicata in caso di trattamento effettuato con l&#8217;ausilio di strumenti elettronici;<br \/>\nd) degli estremi identificativi del titolare, dei responsabili e del rappresentante designato ai sensi dell&#8217;articolo 5, comma 2;<br \/>\ne) dei soggetti o delle categorie di soggetti ai quali i dati personali possono essere comunicati o che possono venirne a conoscenza in qualit\u00e0 di rappresentante designato nel territorio dello Stato, di responsabili o incaricati.<br \/>\n3. L&#8217;interessato ha diritto di ottenere:<br \/>\na) l&#8217;aggiornamento, la rettificazione ovvero, quando vi ha interesse, l&#8217;integrazione dei dati;<br \/>\nb) la cancellazione, la trasformazione in forma anonima o il blocco dei dati trattati in violazione di legge, compresi quelli di cui non \u00e8 necessaria la conservazione in relazione agli scopi per i quali i dati sono stati raccolti o successivamente trattati;<br \/>\nc) l&#8217;attestazione che le operazioni di cui alle lettere a) e b) sono state portate a conoscenza, anche per quanto riguarda il loro contenuto, di coloro ai quali i dati sono stati comunicati o diffusi, eccettuato il caso in cui tale adempimento si rivela impossibile o comporta un impiego di mezzi manifestamente sproporzionato rispetto al diritto tutelato.<br \/>\n4. L&#8217;interessato ha diritto di opporsi, in tutto o in parte:<br \/>\na) per motivi legittimi al trattamento dei dati personali che lo riguardano, ancorch\u00e9 pertinenti allo scopo della raccolta;<br \/>\nb) al trattamento di dati personali che lo riguardano a fini di invio di materiale pubblicitario o di vendita diretta o per il compimento di ricerche di mercato o di comunicazione commerciale.<\/p>\n<p>I diritti di cui all&#8217;articolo 7 sono esercitati con richiesta rivolta senza formalit\u00e0 al titolare o al responsabile, anche per il tramite di un incaricato, alla quale \u00e8 fornito idoneo riscontro senza ritardo.<\/p>\n<p>La richiesta rivolta al titolare o al responsabile pu\u00f2 essere trasmessa anche mediante lettera raccomandata, telefax o posta elettronica.<\/p>\n<p>Comunichiamo inoltre che responsabile per il trattamento dei dati \u00e8 stato nominato il Sig. Sergio Raffaele in qualit\u00e0 di TITOLARE del sito casahibiscus.it \u00e8 in possesso della necessaria esperienza, capacit\u00e0 e affidabilit\u00e0 richieste dalla legge per la tutela del trattamento.<\/p>\n<p>Agli interessati sono riconosciuti i diritti di cui all&#8217;articolo 7 del citato Codice e in particolare il diritto di accedere ai propri dati personali, di chiederne la rettifica, l&#8217;aggiornamento e la cancellazione, se incompleti, erronei o raccolti in violazione della legge, nonch\u00e8 di opporsi al loro trattamento per motivi legittimi, rivolgendo le richieste al responsabile del trattamento (responsabile della privacy)<\/p>\n<p>Nome e Cognome:\u00a0Rita Barrica<br \/>\nRecapito: Via Vittorio Emanuele,\u00a0253 &#8211;\u00a0Lipari (ME)<\/p>\n<p>La mancata autorizzazione al trattamento dei dati personali rende impossibile procedere alla costituzione del rapporto di lavoro.<\/p>\n<p><strong>PRIVACY E COOKIES <\/strong>vedi <a title=\"cookie policy\" href=\"https:\/\/borgoeolie.it\/cookie-policy\/\" target=\"_blank\"><strong>l&#8217;<\/strong> <strong>infomativa specifica sui cookies<\/strong><\/a><a href=\"\/?page_id=786\"><strong><br \/>\n<\/strong><\/a><strong><br \/>\n<\/strong>Viene fatto uso di cookies per la trasmissione di informazioni necessarie al funzionamento del sito, possono essere utilizzati cookies persistenti per l&#8217;utilizzo di funzionalit\u00e0 di login automatiche, o sistemi per il tracciamento degli utenti.<\/p>\n<p>L&#8217;uso di cookies di sessione (che non vengono memorizzati in modo persistente sul computer dell&#8217;utente e svaniscono con la chiusura del browser) \u00e8 limitato alla trasmissione di identificativi di sessione (costituiti da numeri casuali generati dal server) necessari per consentire l&#8217;esplorazione sicura ed efficiente del sito.<\/p>\n<p>I cookies di sessione utilizzati in questo sito evitano il ricorso ad altre tecniche informatiche potenzialmente pregiudizievoli per la riservatezza della navigazione degli utenti e non consentono l&#8217;acquisizione di dati personali identificativi dell&#8217;utente.<\/p>\n<\/div>\n","protected":false},"excerpt":{"rendered":"<p>Informativa al trattamento dei dati personali al sensi del d. lgs. 196\/2003 \u201cCodice in materia di protezione dei dati personali\u201d (per i clienti e fornitori) Informiamo, ai sensi dell&#8217;art.13 del D. Lgs. 196\/2003 che la\u00a0Subba S.a.s. di\u00a0Rita Barrica, proprietaria del sito borgoeolie.it, proceder\u00e0 al trattamento dei dati da Lei forniti[&#8230;]<\/p>\n","protected":false},"author":1,"featured_media":0,"parent":0,"menu_order":0,"comment_status":"closed","ping_status":"closed","template":"template-fullwidth.php","meta":{"footnotes":""},"class_list":["post-548","page","type-page","status-publish","hentry"],"yoast_head":"<!-- This site is optimized with the Yoast SEO plugin v27.4 - https:\/\/yoast.com\/product\/yoast-seo-wordpress\/ -->\n<title>Privacy Policy - Borgo Eolie Hotel Lipari<\/title>\n<meta name=\"robots\" content=\"index, follow, max-snippet:-1, max-image-preview:large, max-video-preview:-1\" \/>\n<link rel=\"canonical\" href=\"https:\/\/borgoeolie.it\/en\/privacy-policy\/\" \/>\n<meta property=\"og:locale\" content=\"en_US\" \/>\n<meta property=\"og:type\" content=\"article\" \/>\n<meta property=\"og:title\" content=\"Privacy Policy - Borgo Eolie Hotel Lipari\" \/>\n<meta property=\"og:description\" content=\"Informativa al trattamento dei dati personali al sensi del d. lgs. 196\/2003 \u201cCodice in materia di protezione dei dati personali\u201d (per i clienti e fornitori) Informiamo, ai sensi dell&#8217;art.13 del D. Lgs. 196\/2003 che la\u00a0Subba S.a.s. di\u00a0Rita Barrica, proprietaria del sito borgoeolie.it, proceder\u00e0 al trattamento dei dati da Lei forniti[...]\" \/>\n<meta property=\"og:url\" content=\"https:\/\/borgoeolie.it\/en\/privacy-policy\/\" \/>\n<meta property=\"og:site_name\" content=\"Borgo Eolie Hotel Lipari\" \/>\n<meta property=\"article:modified_time\" content=\"2017-02-02T15:26:20+00:00\" \/>\n<meta name=\"twitter:card\" content=\"summary_large_image\" \/>\n<meta name=\"twitter:label1\" content=\"Est. reading time\" \/>\n\t<meta name=\"twitter:data1\" content=\"5 minutes\" \/>\n<script type=\"application\/ld+json\" class=\"yoast-schema-graph\">{\"@context\":\"https:\\\/\\\/schema.org\",\"@graph\":[{\"@type\":\"WebPage\",\"@id\":\"https:\\\/\\\/borgoeolie.it\\\/en\\\/privacy-policy\\\/\",\"url\":\"https:\\\/\\\/borgoeolie.it\\\/en\\\/privacy-policy\\\/\",\"name\":\"Privacy Policy - Borgo Eolie Hotel Lipari\",\"isPartOf\":{\"@id\":\"https:\\\/\\\/borgoeolie.it\\\/it\\\/#website\"},\"datePublished\":\"2016-04-30T07:29:52+00:00\",\"dateModified\":\"2017-02-02T15:26:20+00:00\",\"breadcrumb\":{\"@id\":\"https:\\\/\\\/borgoeolie.it\\\/en\\\/privacy-policy\\\/#breadcrumb\"},\"inLanguage\":\"en-US\",\"potentialAction\":[{\"@type\":\"ReadAction\",\"target\":[\"https:\\\/\\\/borgoeolie.it\\\/en\\\/privacy-policy\\\/\"]}]},{\"@type\":\"BreadcrumbList\",\"@id\":\"https:\\\/\\\/borgoeolie.it\\\/en\\\/privacy-policy\\\/#breadcrumb\",\"itemListElement\":[{\"@type\":\"ListItem\",\"position\":1,\"name\":\"Home\",\"item\":\"https:\\\/\\\/borgoeolie.it\\\/en\\\/home\\\/\"},{\"@type\":\"ListItem\",\"position\":2,\"name\":\"Privacy Policy\"}]},{\"@type\":\"WebSite\",\"@id\":\"https:\\\/\\\/borgoeolie.it\\\/it\\\/#website\",\"url\":\"https:\\\/\\\/borgoeolie.it\\\/it\\\/\",\"name\":\"Borgo Eolie Hotel Lipari\",\"description\":\"\",\"publisher\":{\"@id\":\"https:\\\/\\\/borgoeolie.it\\\/it\\\/#organization\"},\"potentialAction\":[{\"@type\":\"SearchAction\",\"target\":{\"@type\":\"EntryPoint\",\"urlTemplate\":\"https:\\\/\\\/borgoeolie.it\\\/it\\\/?s={search_term_string}\"},\"query-input\":{\"@type\":\"PropertyValueSpecification\",\"valueRequired\":true,\"valueName\":\"search_term_string\"}}],\"inLanguage\":\"en-US\"},{\"@type\":\"Organization\",\"@id\":\"https:\\\/\\\/borgoeolie.it\\\/it\\\/#organization\",\"name\":\"Borgo Eolie Hotel Lipari\",\"url\":\"https:\\\/\\\/borgoeolie.it\\\/it\\\/\",\"logo\":{\"@type\":\"ImageObject\",\"inLanguage\":\"en-US\",\"@id\":\"https:\\\/\\\/borgoeolie.it\\\/it\\\/#\\\/schema\\\/logo\\\/image\\\/\",\"url\":\"https:\\\/\\\/borgoeolie.it\\\/wp-content\\\/uploads\\\/2017\\\/02\\\/logo.png\",\"contentUrl\":\"https:\\\/\\\/borgoeolie.it\\\/wp-content\\\/uploads\\\/2017\\\/02\\\/logo.png\",\"width\":255,\"height\":171,\"caption\":\"Borgo Eolie Hotel Lipari\"},\"image\":{\"@id\":\"https:\\\/\\\/borgoeolie.it\\\/it\\\/#\\\/schema\\\/logo\\\/image\\\/\"}}]}<\/script>\n<!-- \/ Yoast SEO plugin. -->","yoast_head_json":{"title":"Privacy Policy - Borgo Eolie Hotel Lipari","robots":{"index":"index","follow":"follow","max-snippet":"max-snippet:-1","max-image-preview":"max-image-preview:large","max-video-preview":"max-video-preview:-1"},"canonical":"https:\/\/borgoeolie.it\/en\/privacy-policy\/","og_locale":"en_US","og_type":"article","og_title":"Privacy Policy - Borgo Eolie Hotel Lipari","og_description":"Informativa al trattamento dei dati personali al sensi del d. lgs. 196\/2003 \u201cCodice in materia di protezione dei dati personali\u201d (per i clienti e fornitori) Informiamo, ai sensi dell&#8217;art.13 del D. Lgs. 196\/2003 che la\u00a0Subba S.a.s. di\u00a0Rita Barrica, proprietaria del sito borgoeolie.it, proceder\u00e0 al trattamento dei dati da Lei forniti[...]","og_url":"https:\/\/borgoeolie.it\/en\/privacy-policy\/","og_site_name":"Borgo Eolie Hotel Lipari","article_modified_time":"2017-02-02T15:26:20+00:00","twitter_card":"summary_large_image","twitter_misc":{"Est. reading time":"5 minutes"},"schema":{"@context":"https:\/\/schema.org","@graph":[{"@type":"WebPage","@id":"https:\/\/borgoeolie.it\/en\/privacy-policy\/","url":"https:\/\/borgoeolie.it\/en\/privacy-policy\/","name":"Privacy Policy - Borgo Eolie Hotel Lipari","isPartOf":{"@id":"https:\/\/borgoeolie.it\/it\/#website"},"datePublished":"2016-04-30T07:29:52+00:00","dateModified":"2017-02-02T15:26:20+00:00","breadcrumb":{"@id":"https:\/\/borgoeolie.it\/en\/privacy-policy\/#breadcrumb"},"inLanguage":"en-US","potentialAction":[{"@type":"ReadAction","target":["https:\/\/borgoeolie.it\/en\/privacy-policy\/"]}]},{"@type":"BreadcrumbList","@id":"https:\/\/borgoeolie.it\/en\/privacy-policy\/#breadcrumb","itemListElement":[{"@type":"ListItem","position":1,"name":"Home","item":"https:\/\/borgoeolie.it\/en\/home\/"},{"@type":"ListItem","position":2,"name":"Privacy Policy"}]},{"@type":"WebSite","@id":"https:\/\/borgoeolie.it\/it\/#website","url":"https:\/\/borgoeolie.it\/it\/","name":"Borgo Eolie Hotel Lipari","description":"","publisher":{"@id":"https:\/\/borgoeolie.it\/it\/#organization"},"potentialAction":[{"@type":"SearchAction","target":{"@type":"EntryPoint","urlTemplate":"https:\/\/borgoeolie.it\/it\/?s={search_term_string}"},"query-input":{"@type":"PropertyValueSpecification","valueRequired":true,"valueName":"search_term_string"}}],"inLanguage":"en-US"},{"@type":"Organization","@id":"https:\/\/borgoeolie.it\/it\/#organization","name":"Borgo Eolie Hotel Lipari","url":"https:\/\/borgoeolie.it\/it\/","logo":{"@type":"ImageObject","inLanguage":"en-US","@id":"https:\/\/borgoeolie.it\/it\/#\/schema\/logo\/image\/","url":"https:\/\/borgoeolie.it\/wp-content\/uploads\/2017\/02\/logo.png","contentUrl":"https:\/\/borgoeolie.it\/wp-content\/uploads\/2017\/02\/logo.png","width":255,"height":171,"caption":"Borgo Eolie Hotel Lipari"},"image":{"@id":"https:\/\/borgoeolie.it\/it\/#\/schema\/logo\/image\/"}}]}},"amp_enabled":false,"_links":{"self":[{"href":"https:\/\/borgoeolie.it\/en\/wp-json\/wp\/v2\/pages\/548","targetHints":{"allow":["GET"]}}],"collection":[{"href":"https:\/\/borgoeolie.it\/en\/wp-json\/wp\/v2\/pages"}],"about":[{"href":"https:\/\/borgoeolie.it\/en\/wp-json\/wp\/v2\/types\/page"}],"author":[{"embeddable":true,"href":"https:\/\/borgoeolie.it\/en\/wp-json\/wp\/v2\/users\/1"}],"replies":[{"embeddable":true,"href":"https:\/\/borgoeolie.it\/en\/wp-json\/wp\/v2\/comments?post=548"}],"version-history":[{"count":1,"href":"https:\/\/borgoeolie.it\/en\/wp-json\/wp\/v2\/pages\/548\/revisions"}],"predecessor-version":[{"id":549,"href":"https:\/\/borgoeolie.it\/en\/wp-json\/wp\/v2\/pages\/548\/revisions\/549"}],"wp:attachment":[{"href":"https:\/\/borgoeolie.it\/en\/wp-json\/wp\/v2\/media?parent=548"}],"curies":[{"name":"wp","href":"https:\/\/api.w.org\/{rel}","templated":true}]}}