{"id":127,"date":"2015-06-26T15:30:25","date_gmt":"2015-06-26T15:30:25","guid":{"rendered":"http:\/\/www.cssigniter.com\/preview\/sunresort\/?page_id=127"},"modified":"2026-04-16T08:03:34","modified_gmt":"2026-04-16T06:03:34","slug":"posizione-borgo-eolie-hotel-lipari","status":"publish","type":"page","link":"https:\/\/borgoeolie.it\/it\/posizione-borgo-eolie-hotel-lipari\/","title":{"rendered":"DOVE SIAMO"},"content":{"rendered":"<h2>Posizione<\/h2>\n<div class=\"text\">\n<p>La pur breve distanza dal centro di Lipari (\u00e8 una piacevole passeggiata) \u00e8 annullata dal servizio navetta della struttura che ad orari prestabiliti e su prenotazione vi porter\u00e0 al porto che, oltre ad essere il terminal degli aliscafi, \u00e8 anche terminal dei collegamenti con le spiagge (bus e barche) e coincide con l&#8217;inizio dalla via pricipale del centro storico e commerciale dell&#8217;isola caratterizzato da negozi, ristoranti, pizzerie, bar, intrattenimenti vari, ecc..<\/p>\n<\/div>\n<p><strong>Come raggiungere Lipari?<\/strong><br \/>\nLipari \u00e8 raggiungibile in nave o aliscafo.<br \/>\n\u2192 da Messina (Stazione marittima) con Aliscafo diretto<br \/>\n\u2192 da Napoli\u00a0in nave o\u00a0con Aliscafo diretto<br \/>\n\u2192 da Reggio Calabria con Aliscafo diretto<br \/>\n\u2192 da Palermo con Aliscafo diretto<br \/>\n\u2192 da Catania Aeroporto con Bus diretto sino a Milazzo (poi con nave o aliscafi)<strong><em>\u00a0<\/em><\/strong><\/p>\n<p>Prenotazioni on line per gli ALISCAFI e Navi con le Compagnie<br \/>\n\u2192\u201cLiberty Lines\u201d<br \/>\n\u2192\u201cSiremar\u201d<\/p>\n<p>&nbsp;<\/p>\n<p>&nbsp;<\/p>\n<div class=\"textLayer\"><\/div>\n","protected":false},"excerpt":{"rendered":"<p>Posizione La pur breve distanza dal centro di Lipari (\u00e8 una piacevole passeggiata) \u00e8 annullata dal servizio navetta della struttura che ad orari prestabiliti e su prenotazione vi porter\u00e0 al porto che, oltre ad essere il terminal degli aliscafi, \u00e8 anche terminal dei collegamenti con le spiagge (bus e barche)[&#8230;]<\/p>\n","protected":false},"author":1,"featured_media":0,"parent":0,"menu_order":0,"comment_status":"closed","ping_status":"closed","template":"template-location.php","meta":{"footnotes":""},"class_list":["post-127","page","type-page","status-publish","hentry"],"yoast_head":"<!-- This site is optimized with the Yoast SEO plugin v27.4 - https:\/\/yoast.com\/product\/yoast-seo-wordpress\/ -->\n<title>DOVE SIAMO - Borgo Eolie Hotel Lipari<\/title>\n<meta name=\"robots\" content=\"index, follow, max-snippet:-1, max-image-preview:large, max-video-preview:-1\" \/>\n<link rel=\"canonical\" href=\"https:\/\/borgoeolie.it\/it\/posizione-borgo-eolie-hotel-lipari\/\" \/>\n<meta property=\"og:locale\" content=\"it_IT\" \/>\n<meta property=\"og:type\" content=\"article\" \/>\n<meta property=\"og:title\" content=\"DOVE SIAMO - Borgo Eolie Hotel Lipari\" \/>\n<meta property=\"og:description\" content=\"Posizione La pur breve distanza dal centro di Lipari (\u00e8 una piacevole passeggiata) \u00e8 annullata dal servizio navetta della struttura che ad orari prestabiliti e su prenotazione vi porter\u00e0 al porto che, oltre ad essere il terminal degli aliscafi, \u00e8 anche terminal dei collegamenti con le spiagge (bus e barche)[...]\" \/>\n<meta property=\"og:url\" content=\"https:\/\/borgoeolie.it\/it\/posizione-borgo-eolie-hotel-lipari\/\" \/>\n<meta property=\"og:site_name\" content=\"Borgo Eolie Hotel Lipari\" \/>\n<meta property=\"article:modified_time\" content=\"2026-04-16T06:03:34+00:00\" \/>\n<meta name=\"twitter:card\" content=\"summary_large_image\" \/>\n<meta name=\"twitter:label1\" content=\"Tempo di lettura stimato\" \/>\n\t<meta name=\"twitter:data1\" content=\"1 minuto\" \/>\n<script type=\"application\/ld+json\" class=\"yoast-schema-graph\">{\"@context\":\"https:\\\/\\\/schema.org\",\"@graph\":[{\"@type\":\"WebPage\",\"@id\":\"https:\\\/\\\/borgoeolie.it\\\/it\\\/posizione-borgo-eolie-hotel-lipari\\\/\",\"url\":\"https:\\\/\\\/borgoeolie.it\\\/it\\\/posizione-borgo-eolie-hotel-lipari\\\/\",\"name\":\"DOVE SIAMO - Borgo Eolie Hotel Lipari\",\"isPartOf\":{\"@id\":\"https:\\\/\\\/borgoeolie.it\\\/it\\\/#website\"},\"datePublished\":\"2015-06-26T15:30:25+00:00\",\"dateModified\":\"2026-04-16T06:03:34+00:00\",\"breadcrumb\":{\"@id\":\"https:\\\/\\\/borgoeolie.it\\\/it\\\/posizione-borgo-eolie-hotel-lipari\\\/#breadcrumb\"},\"inLanguage\":\"it-IT\",\"potentialAction\":[{\"@type\":\"ReadAction\",\"target\":[\"https:\\\/\\\/borgoeolie.it\\\/it\\\/posizione-borgo-eolie-hotel-lipari\\\/\"]}]},{\"@type\":\"BreadcrumbList\",\"@id\":\"https:\\\/\\\/borgoeolie.it\\\/it\\\/posizione-borgo-eolie-hotel-lipari\\\/#breadcrumb\",\"itemListElement\":[{\"@type\":\"ListItem\",\"position\":1,\"name\":\"Home\",\"item\":\"https:\\\/\\\/borgoeolie.it\\\/it\\\/\"},{\"@type\":\"ListItem\",\"position\":2,\"name\":\"DOVE SIAMO\"}]},{\"@type\":\"WebSite\",\"@id\":\"https:\\\/\\\/borgoeolie.it\\\/it\\\/#website\",\"url\":\"https:\\\/\\\/borgoeolie.it\\\/it\\\/\",\"name\":\"Borgo Eolie Hotel Lipari\",\"description\":\"\",\"publisher\":{\"@id\":\"https:\\\/\\\/borgoeolie.it\\\/it\\\/#organization\"},\"potentialAction\":[{\"@type\":\"SearchAction\",\"target\":{\"@type\":\"EntryPoint\",\"urlTemplate\":\"https:\\\/\\\/borgoeolie.it\\\/it\\\/?s={search_term_string}\"},\"query-input\":{\"@type\":\"PropertyValueSpecification\",\"valueRequired\":true,\"valueName\":\"search_term_string\"}}],\"inLanguage\":\"it-IT\"},{\"@type\":\"Organization\",\"@id\":\"https:\\\/\\\/borgoeolie.it\\\/it\\\/#organization\",\"name\":\"Borgo Eolie Hotel Lipari\",\"url\":\"https:\\\/\\\/borgoeolie.it\\\/it\\\/\",\"logo\":{\"@type\":\"ImageObject\",\"inLanguage\":\"it-IT\",\"@id\":\"https:\\\/\\\/borgoeolie.it\\\/it\\\/#\\\/schema\\\/logo\\\/image\\\/\",\"url\":\"https:\\\/\\\/borgoeolie.it\\\/wp-content\\\/uploads\\\/2017\\\/02\\\/logo.png\",\"contentUrl\":\"https:\\\/\\\/borgoeolie.it\\\/wp-content\\\/uploads\\\/2017\\\/02\\\/logo.png\",\"width\":255,\"height\":171,\"caption\":\"Borgo Eolie Hotel Lipari\"},\"image\":{\"@id\":\"https:\\\/\\\/borgoeolie.it\\\/it\\\/#\\\/schema\\\/logo\\\/image\\\/\"}}]}<\/script>\n<!-- \/ Yoast SEO plugin. -->","yoast_head_json":{"title":"DOVE SIAMO - Borgo Eolie Hotel Lipari","robots":{"index":"index","follow":"follow","max-snippet":"max-snippet:-1","max-image-preview":"max-image-preview:large","max-video-preview":"max-video-preview:-1"},"canonical":"https:\/\/borgoeolie.it\/it\/posizione-borgo-eolie-hotel-lipari\/","og_locale":"it_IT","og_type":"article","og_title":"DOVE SIAMO - Borgo Eolie Hotel Lipari","og_description":"Posizione La pur breve distanza dal centro di Lipari (\u00e8 una piacevole passeggiata) \u00e8 annullata dal servizio navetta della struttura che ad orari prestabiliti e su prenotazione vi porter\u00e0 al porto che, oltre ad essere il terminal degli aliscafi, \u00e8 anche terminal dei collegamenti con le spiagge (bus e barche)[...]","og_url":"https:\/\/borgoeolie.it\/it\/posizione-borgo-eolie-hotel-lipari\/","og_site_name":"Borgo Eolie Hotel Lipari","article_modified_time":"2026-04-16T06:03:34+00:00","twitter_card":"summary_large_image","twitter_misc":{"Tempo di lettura stimato":"1 minuto"},"schema":{"@context":"https:\/\/schema.org","@graph":[{"@type":"WebPage","@id":"https:\/\/borgoeolie.it\/it\/posizione-borgo-eolie-hotel-lipari\/","url":"https:\/\/borgoeolie.it\/it\/posizione-borgo-eolie-hotel-lipari\/","name":"DOVE SIAMO - Borgo Eolie Hotel Lipari","isPartOf":{"@id":"https:\/\/borgoeolie.it\/it\/#website"},"datePublished":"2015-06-26T15:30:25+00:00","dateModified":"2026-04-16T06:03:34+00:00","breadcrumb":{"@id":"https:\/\/borgoeolie.it\/it\/posizione-borgo-eolie-hotel-lipari\/#breadcrumb"},"inLanguage":"it-IT","potentialAction":[{"@type":"ReadAction","target":["https:\/\/borgoeolie.it\/it\/posizione-borgo-eolie-hotel-lipari\/"]}]},{"@type":"BreadcrumbList","@id":"https:\/\/borgoeolie.it\/it\/posizione-borgo-eolie-hotel-lipari\/#breadcrumb","itemListElement":[{"@type":"ListItem","position":1,"name":"Home","item":"https:\/\/borgoeolie.it\/it\/"},{"@type":"ListItem","position":2,"name":"DOVE SIAMO"}]},{"@type":"WebSite","@id":"https:\/\/borgoeolie.it\/it\/#website","url":"https:\/\/borgoeolie.it\/it\/","name":"Borgo Eolie Hotel Lipari","description":"","publisher":{"@id":"https:\/\/borgoeolie.it\/it\/#organization"},"potentialAction":[{"@type":"SearchAction","target":{"@type":"EntryPoint","urlTemplate":"https:\/\/borgoeolie.it\/it\/?s={search_term_string}"},"query-input":{"@type":"PropertyValueSpecification","valueRequired":true,"valueName":"search_term_string"}}],"inLanguage":"it-IT"},{"@type":"Organization","@id":"https:\/\/borgoeolie.it\/it\/#organization","name":"Borgo Eolie Hotel Lipari","url":"https:\/\/borgoeolie.it\/it\/","logo":{"@type":"ImageObject","inLanguage":"it-IT","@id":"https:\/\/borgoeolie.it\/it\/#\/schema\/logo\/image\/","url":"https:\/\/borgoeolie.it\/wp-content\/uploads\/2017\/02\/logo.png","contentUrl":"https:\/\/borgoeolie.it\/wp-content\/uploads\/2017\/02\/logo.png","width":255,"height":171,"caption":"Borgo Eolie Hotel Lipari"},"image":{"@id":"https:\/\/borgoeolie.it\/it\/#\/schema\/logo\/image\/"}}]}},"amp_enabled":false,"_links":{"self":[{"href":"https:\/\/borgoeolie.it\/it\/wp-json\/wp\/v2\/pages\/127","targetHints":{"allow":["GET"]}}],"collection":[{"href":"https:\/\/borgoeolie.it\/it\/wp-json\/wp\/v2\/pages"}],"about":[{"href":"https:\/\/borgoeolie.it\/it\/wp-json\/wp\/v2\/types\/page"}],"author":[{"embeddable":true,"href":"https:\/\/borgoeolie.it\/it\/wp-json\/wp\/v2\/users\/1"}],"replies":[{"embeddable":true,"href":"https:\/\/borgoeolie.it\/it\/wp-json\/wp\/v2\/comments?post=127"}],"version-history":[{"count":18,"href":"https:\/\/borgoeolie.it\/it\/wp-json\/wp\/v2\/pages\/127\/revisions"}],"predecessor-version":[{"id":1238,"href":"https:\/\/borgoeolie.it\/it\/wp-json\/wp\/v2\/pages\/127\/revisions\/1238"}],"wp:attachment":[{"href":"https:\/\/borgoeolie.it\/it\/wp-json\/wp\/v2\/media?parent=127"}],"curies":[{"name":"wp","href":"https:\/\/api.w.org\/{rel}","templated":true}]}}